{"id":3434,"date":"2026-01-03T07:39:32","date_gmt":"2026-01-03T06:39:32","guid":{"rendered":"http:\/\/victorthemes.com\/themes\/elsey\/?post_type=product&#038;p=3434"},"modified":"2026-03-31T03:56:35","modified_gmt":"2026-03-31T02:56:35","slug":"cafe-grain-bresil","status":"publish","type":"product","link":"https:\/\/alfinjel.com\/index.php\/product\/cafe-grain-bresil\/","title":{"rendered":"Caf\u00e9 en Grains \u2013 Origine Br\u00e9sil"},"content":{"rendered":"<p data-start=\"152\" data-end=\"212\"><strong data-start=\"152\" data-end=\"212\">100 % Arabica | Torr\u00e9faction moyenne | Poids net : 280 g<\/strong><\/p>\n<p data-start=\"214\" data-end=\"487\">D\u00e9couvrez l\u2019authenticit\u00e9 d\u2019un <strong data-start=\"244\" data-end=\"284\">caf\u00e9 en grains de qualit\u00e9 sup\u00e9rieure<\/strong>, issu de <strong data-start=\"294\" data-end=\"340\">grains 100 % Arabica d\u2019origine br\u00e9silienne<\/strong>, reconnus pour leur richesse aromatique et leur \u00e9quilibre naturel. Ce caf\u00e9 offre une tasse harmonieuse, aux notes douces et l\u00e9g\u00e8rement gourmandes.<\/p>\n<p data-start=\"489\" data-end=\"816\">Sa <strong data-start=\"492\" data-end=\"516\">torr\u00e9faction moyenne<\/strong> pr\u00e9serve toute la finesse des ar\u00f4mes tout en d\u00e9veloppant une belle rondeur en bouche. En grains, il vous permet de moudre le caf\u00e9 \u00e0 la demande, garantissant une <strong data-start=\"678\" data-end=\"700\">fra\u00eecheur optimale<\/strong> et une extraction parfaitement adapt\u00e9e \u00e0 votre m\u00e9thode de pr\u00e9paration pr\u00e9f\u00e9r\u00e9e (espresso, cafeti\u00e8re, piston, etc.).<\/p>\n<p data-start=\"818\" data-end=\"840\"><strong data-start=\"818\" data-end=\"840\">Caract\u00e9ristiques :<\/strong><\/p>\n<ul data-start=\"841\" data-end=\"990\">\n<li data-start=\"841\" data-end=\"861\">\n<p data-start=\"843\" data-end=\"861\">Caf\u00e9 <strong data-start=\"848\" data-end=\"861\">en grains<\/strong><\/p>\n<\/li>\n<li data-start=\"862\" data-end=\"884\">\n<p data-start=\"864\" data-end=\"884\">Origine : <strong data-start=\"874\" data-end=\"884\">Br\u00e9sil<\/strong><\/p>\n<\/li>\n<li data-start=\"885\" data-end=\"911\">\n<p data-start=\"887\" data-end=\"911\">Grains <strong data-start=\"894\" data-end=\"911\">100 % Arabica<\/strong><\/p>\n<\/li>\n<li data-start=\"912\" data-end=\"938\">\n<p data-start=\"914\" data-end=\"938\"><strong data-start=\"914\" data-end=\"938\">Torr\u00e9faction moyenne<\/strong><\/p>\n<\/li>\n<li data-start=\"939\" data-end=\"966\">\n<p data-start=\"941\" data-end=\"966\">Ar\u00f4mes \u00e9quilibr\u00e9s et doux<\/p>\n<\/li>\n<li data-start=\"967\" data-end=\"990\">\n<p data-start=\"969\" data-end=\"990\"><strong data-start=\"969\" data-end=\"990\">Poids net : 280 g<\/strong><\/p>\n<\/li>\n<\/ul>\n<p data-start=\"992\" data-end=\"1121\" data-is-last-node=\"\" data-is-only-node=\"\">Un choix id\u00e9al pour les amateurs de caf\u00e9 fra\u00eechement moulu, \u00e0 la recherche d\u2019un go\u00fbt authentique et constant, tasse apr\u00e8s tasse<\/p>\n<p data-start=\"992\" data-end=\"1121\" data-is-last-node=\"\" data-is-only-node=\"\"><a href=\"http:\/\/alfinjel.com\/wp-content\/uploads\/2017\/08\/Arabica_En_grains_280g_02.jpg\"><img loading=\"lazy\" decoding=\"async\" class=\"alignnone size-full wp-image-4570\" src=\"http:\/\/alfinjel.com\/wp-content\/uploads\/2017\/08\/Arabica_En_grains_280g_02.jpg\" alt=\"\" width=\"300\" height=\"300\" srcset=\"https:\/\/alfinjel.com\/wp-content\/uploads\/2017\/08\/Arabica_En_grains_280g_02.jpg 300w, https:\/\/alfinjel.com\/wp-content\/uploads\/2017\/08\/Arabica_En_grains_280g_02-150x150.jpg 150w, https:\/\/alfinjel.com\/wp-content\/uploads\/2017\/08\/Arabica_En_grains_280g_02-100x100.jpg 100w\" sizes=\"auto, (max-width: 300px) 100vw, 300px\" \/><\/a><a href=\"http:\/\/alfinjel.com\/wp-content\/uploads\/2026\/01\/alfinjel_2026_blanc_grains-1.jpg\"><img loading=\"lazy\" decoding=\"async\" class=\"alignnone size-medium wp-image-4645\" src=\"http:\/\/alfinjel.com\/wp-content\/uploads\/2026\/01\/alfinjel_2026_blanc_grains-1.jpg\" alt=\"\" width=\"1\" height=\"1\" \/><\/a><a href=\"http:\/\/alfinjel.com\/wp-content\/uploads\/2026\/02\/Grain_turc.jpg\"><img loading=\"lazy\" decoding=\"async\" class=\"alignnone size-medium wp-image-4631\" src=\"http:\/\/alfinjel.com\/wp-content\/uploads\/2026\/02\/Grain_turc-200x300.jpg\" alt=\"\" width=\"200\" height=\"300\" srcset=\"https:\/\/alfinjel.com\/wp-content\/uploads\/2026\/02\/Grain_turc-200x300.jpg 200w, https:\/\/alfinjel.com\/wp-content\/uploads\/2026\/02\/Grain_turc.jpg 468w\" sizes=\"auto, (max-width: 200px) 100vw, 200px\" \/><\/a><\/p>\n","protected":false},"excerpt":{"rendered":"<p data-start=\"152\" data-end=\"212\"><strong data-start=\"152\" data-end=\"212\">100 % Arabica | Torr\u00e9faction moyenne | Poids net : 280 g<\/strong><\/p>\r\n<p data-start=\"214\" data-end=\"487\">D\u00e9couvrez l\u2019authenticit\u00e9 d\u2019un <strong data-start=\"244\" data-end=\"284\">caf\u00e9 en grains de qualit\u00e9 sup\u00e9rieure<\/strong>, issu de <strong data-start=\"294\" data-end=\"340\">grains 100 % Arabica d\u2019origine br\u00e9silienne<\/strong>, reconnus pour leur richesse aromatique et leur \u00e9quilibre naturel. Ce caf\u00e9 offre une tasse harmonieuse, aux notes douces et l\u00e9g\u00e8rement gourmandes.<\/p>\r\n<p data-start=\"489\" data-end=\"816\">Sa <strong data-start=\"492\" data-end=\"516\">torr\u00e9faction moyenne<\/strong> pr\u00e9serve toute la finesse des ar\u00f4mes tout en d\u00e9veloppant une belle rondeur en bouche. En grains, il vous permet de moudre le caf\u00e9 \u00e0 la demande, garantissant une <strong data-start=\"678\" data-end=\"700\">fra\u00eecheur optimale<\/strong> et une extraction parfaitement adapt\u00e9e \u00e0 votre m\u00e9thode de pr\u00e9paration pr\u00e9f\u00e9r\u00e9e (espresso, cafeti\u00e8re, piston, etc.).<\/p>\r\n<p data-start=\"818\" data-end=\"840\"><strong data-start=\"818\" data-end=\"840\">Caract\u00e9ristiques :<\/strong><\/p>\r\n\r\n<ul data-start=\"841\" data-end=\"990\">\r\n \t<li data-start=\"841\" data-end=\"861\">\r\n<p data-start=\"843\" data-end=\"861\">Caf\u00e9 <strong data-start=\"848\" data-end=\"861\">en grains<\/strong><\/p>\r\n<\/li>\r\n \t<li data-start=\"862\" data-end=\"884\">\r\n<p data-start=\"864\" data-end=\"884\">Origine : <strong data-start=\"874\" data-end=\"884\">Br\u00e9sil<\/strong><\/p>\r\n<\/li>\r\n \t<li data-start=\"885\" data-end=\"911\">\r\n<p data-start=\"887\" data-end=\"911\">Grains <strong data-start=\"894\" data-end=\"911\">100 % Arabica<\/strong><\/p>\r\n<\/li>\r\n \t<li data-start=\"912\" data-end=\"938\">\r\n<p data-start=\"914\" data-end=\"938\"><strong data-start=\"914\" data-end=\"938\">Torr\u00e9faction moyenne<\/strong><\/p>\r\n<\/li>\r\n \t<li data-start=\"939\" data-end=\"966\">\r\n<p data-start=\"941\" data-end=\"966\">Ar\u00f4mes \u00e9quilibr\u00e9s et doux<\/p>\r\n<\/li>\r\n \t<li data-start=\"967\" data-end=\"990\">\r\n<p data-start=\"969\" data-end=\"990\"><strong data-start=\"969\" data-end=\"990\">Poids net : 280 g<\/strong><\/p>\r\n<\/li>\r\n<\/ul>\r\n<p data-start=\"992\" data-end=\"1121\" data-is-last-node=\"\" data-is-only-node=\"\">Un choix id\u00e9al pour les amateurs de caf\u00e9 fra\u00eechement moulu, \u00e0 la recherche d\u2019un go\u00fbt authentique et constant, tasse apr\u00e8s tasse<\/p>\r\n<p data-start=\"992\" data-end=\"1121\" data-is-last-node=\"\" data-is-only-node=\"\"><a href=\"http:\/\/alfinjel.com\/wp-content\/uploads\/2026\/02\/Grain_turc.jpg\"><img loading=\"lazy\" decoding=\"async\" class=\"alignnone size-medium wp-image-4631\" src=\"http:\/\/alfinjel.com\/wp-content\/uploads\/2026\/02\/Grain_turc-200x300.jpg\" alt=\"\" width=\"200\" height=\"300\" srcset=\"https:\/\/alfinjel.com\/wp-content\/uploads\/2026\/02\/Grain_turc-200x300.jpg 200w, https:\/\/alfinjel.com\/wp-content\/uploads\/2026\/02\/Grain_turc.jpg 468w\" sizes=\"auto, (max-width: 200px) 100vw, 200px\" \/><\/a><a href=\"http:\/\/alfinjel.com\/wp-content\/uploads\/2026\/01\/alfinjel_2026_blanc_grains-1.jpg\"><img loading=\"lazy\" decoding=\"async\" class=\"alignnone size-medium wp-image-4645\" src=\"http:\/\/alfinjel.com\/wp-content\/uploads\/2026\/01\/alfinjel_2026_blanc_grains-1.jpg\" alt=\"\" width=\"1\" height=\"1\" \/><\/a><\/p>\r\n<p data-start=\"992\" data-end=\"1121\" data-is-last-node=\"\" data-is-only-node=\"\"><a href=\"http:\/\/alfinjel.com\/wp-content\/uploads\/2026\/01\/alfinjel_2026_blanc_grains-1.jpg\"><img loading=\"lazy\" decoding=\"async\" class=\"alignnone size-medium wp-image-4645\" src=\"http:\/\/alfinjel.com\/wp-content\/uploads\/2026\/01\/alfinjel_2026_blanc_grains-1.jpg\" alt=\"\" width=\"1\" height=\"1\" \/><\/a><\/p>","protected":false},"featured_media":4645,"comment_status":"closed","ping_status":"closed","template":"","meta":{"_monsterinsights_skip_tracking":false,"_monsterinsights_sitenote_active":false,"_monsterinsights_sitenote_note":"","_monsterinsights_sitenote_category":0,"jetpack_publicize_message":"","jetpack_publicize_feature_enabled":true,"jetpack_social_post_already_shared":false,"jetpack_social_options":{"image_generator_settings":{"template":"highway","default_image_id":0,"font":"","enabled":false},"version":2}},"product_brand":[],"product_cat":[15],"product_tag":[102,89,88],"class_list":{"0":"post-3434","1":"product","2":"type-product","3":"status-publish","4":"has-post-thumbnail","6":"product_cat-cafeturc","7":"product_tag-blanc","8":"product_tag-bresil","9":"product_tag-grains","11":"first","12":"instock","13":"taxable","14":"shipping-taxable","15":"purchasable","16":"product-type-simple"},"aioseo_notices":[],"jetpack_publicize_connections":[],"jetpack_sharing_enabled":true,"jetpack_likes_enabled":true,"_links":{"self":[{"href":"https:\/\/alfinjel.com\/index.php\/wp-json\/wp\/v2\/product\/3434","targetHints":{"allow":["GET"]}}],"collection":[{"href":"https:\/\/alfinjel.com\/index.php\/wp-json\/wp\/v2\/product"}],"about":[{"href":"https:\/\/alfinjel.com\/index.php\/wp-json\/wp\/v2\/types\/product"}],"replies":[{"embeddable":true,"href":"https:\/\/alfinjel.com\/index.php\/wp-json\/wp\/v2\/comments?post=3434"}],"wp:featuredmedia":[{"embeddable":true,"href":"https:\/\/alfinjel.com\/index.php\/wp-json\/wp\/v2\/media\/4645"}],"wp:attachment":[{"href":"https:\/\/alfinjel.com\/index.php\/wp-json\/wp\/v2\/media?parent=3434"}],"wp:term":[{"taxonomy":"product_brand","embeddable":true,"href":"https:\/\/alfinjel.com\/index.php\/wp-json\/wp\/v2\/product_brand?post=3434"},{"taxonomy":"product_cat","embeddable":true,"href":"https:\/\/alfinjel.com\/index.php\/wp-json\/wp\/v2\/product_cat?post=3434"},{"taxonomy":"product_tag","embeddable":true,"href":"https:\/\/alfinjel.com\/index.php\/wp-json\/wp\/v2\/product_tag?post=3434"}],"curies":[{"name":"wp","href":"https:\/\/api.w.org\/{rel}","templated":true}]}}