{"id":3081,"date":"2026-01-01T12:19:37","date_gmt":"2026-01-01T11:19:37","guid":{"rendered":"http:\/\/victorthemes.com\/themes\/elsey\/?post_type=product&#038;p=3081"},"modified":"2026-03-31T04:00:42","modified_gmt":"2026-03-31T03:00:42","slug":"cafe-turc-sans-cafeine","status":"publish","type":"product","link":"https:\/\/alfinjel.com\/index.php\/product\/cafe-turc-sans-cafeine\/","title":{"rendered":"Caf\u00e9 turc sans caf\u00e9ine"},"content":{"rendered":"<p data-start=\"256\" data-end=\"535\">D\u00e9couvrez tout le plaisir du <strong data-start=\"285\" data-end=\"311\">caf\u00e9 turc traditionnel<\/strong>, sans les effets de la caf\u00e9ine. \u00c9labor\u00e9 \u00e0 partir de <strong data-start=\"364\" data-end=\"415\">grains 100 % Arabica soigneusement s\u00e9lectionn\u00e9s<\/strong>, ce caf\u00e9 d\u00e9caf\u00e9in\u00e9 offre une <strong data-start=\"445\" data-end=\"488\">saveur riche, \u00e9quilibr\u00e9e et authentique<\/strong>, fid\u00e8le \u00e0 l\u2019exp\u00e9rience du caf\u00e9 turc classique.<\/p>\n<p data-start=\"537\" data-end=\"816\">Sa <strong data-start=\"540\" data-end=\"564\">torr\u00e9faction moyenne<\/strong> r\u00e9v\u00e8le des ar\u00f4mes subtils et une texture onctueuse, id\u00e9ale pour une d\u00e9gustation \u00e0 tout moment de la journ\u00e9e, m\u00eame en soir\u00e9e. Finement moulu, il est parfaitement adapt\u00e9 \u00e0 la pr\u00e9paration du caf\u00e9 turc, garantissant une mousse d\u00e9licate et un go\u00fbt profond.<\/p>\n<p data-start=\"818\" data-end=\"840\"><strong data-start=\"818\" data-end=\"840\">Caract\u00e9ristiques :<\/strong><\/p>\n<ul data-start=\"841\" data-end=\"973\">\n<li data-start=\"841\" data-end=\"869\">\n<p data-start=\"843\" data-end=\"869\">Caf\u00e9 turc <strong data-start=\"853\" data-end=\"869\">sans caf\u00e9ine<\/strong><\/p>\n<\/li>\n<li data-start=\"870\" data-end=\"896\">\n<p data-start=\"872\" data-end=\"896\">Grains <strong data-start=\"879\" data-end=\"896\">100 % Arabica<\/strong><\/p>\n<\/li>\n<li data-start=\"897\" data-end=\"923\">\n<p data-start=\"899\" data-end=\"923\"><strong data-start=\"899\" data-end=\"923\">Torr\u00e9faction moyenne<\/strong><\/p>\n<\/li>\n<li data-start=\"924\" data-end=\"949\">\n<p data-start=\"926\" data-end=\"949\">Go\u00fbt doux et aromatique<\/p>\n<\/li>\n<li data-start=\"950\" data-end=\"973\">\n<p data-start=\"952\" data-end=\"973\"><strong data-start=\"952\" data-end=\"973\">Poids net : 280 g<\/strong><\/p>\n<\/li>\n<\/ul>\n<p data-start=\"975\" data-end=\"1100\">Parfait pour les amateurs de caf\u00e9 \u00e0 la recherche d\u2019une alternative plus l\u00e9g\u00e8re, sans compromis sur la qualit\u00e9 et le plaisir<\/p>\n<p data-start=\"975\" data-end=\"1100\"><a href=\"http:\/\/alfinjel.com\/wp-content\/uploads\/2017\/09\/Sans_cafeine_3.jpg\"><img loading=\"lazy\" decoding=\"async\" class=\"alignnone size-full wp-image-4555\" src=\"http:\/\/alfinjel.com\/wp-content\/uploads\/2017\/09\/Sans_cafeine_3.jpg\" alt=\"\" width=\"300\" height=\"300\" srcset=\"https:\/\/alfinjel.com\/wp-content\/uploads\/2017\/09\/Sans_cafeine_3.jpg 300w, https:\/\/alfinjel.com\/wp-content\/uploads\/2017\/09\/Sans_cafeine_3-150x150.jpg 150w, https:\/\/alfinjel.com\/wp-content\/uploads\/2017\/09\/Sans_cafeine_3-100x100.jpg 100w\" sizes=\"auto, (max-width: 300px) 100vw, 300px\" \/><\/a><\/p>\n<p data-start=\"975\" data-end=\"1100\"><a href=\"http:\/\/alfinjel.com\/wp-content\/uploads\/2026\/01\/alfinjel_2026_Bleu_Sans_cafeine_-scaled.jpg\"><img loading=\"lazy\" decoding=\"async\" class=\"alignnone size-medium wp-image-4639\" src=\"http:\/\/alfinjel.com\/wp-content\/uploads\/2026\/01\/alfinjel_2026_Bleu_Sans_cafeine_-300x217.jpg\" alt=\"\" width=\"300\" height=\"217\" srcset=\"https:\/\/alfinjel.com\/wp-content\/uploads\/2026\/01\/alfinjel_2026_Bleu_Sans_cafeine_-300x217.jpg 300w, https:\/\/alfinjel.com\/wp-content\/uploads\/2026\/01\/alfinjel_2026_Bleu_Sans_cafeine_-1024x739.jpg 1024w, https:\/\/alfinjel.com\/wp-content\/uploads\/2026\/01\/alfinjel_2026_Bleu_Sans_cafeine_-768x555.jpg 768w, https:\/\/alfinjel.com\/wp-content\/uploads\/2026\/01\/alfinjel_2026_Bleu_Sans_cafeine_-1536x1109.jpg 1536w, https:\/\/alfinjel.com\/wp-content\/uploads\/2026\/01\/alfinjel_2026_Bleu_Sans_cafeine_-2048x1479.jpg 2048w, https:\/\/alfinjel.com\/wp-content\/uploads\/2026\/01\/alfinjel_2026_Bleu_Sans_cafeine_-1320x953.jpg 1320w, https:\/\/alfinjel.com\/wp-content\/uploads\/2026\/01\/alfinjel_2026_Bleu_Sans_cafeine_-525x379.jpg 525w\" sizes=\"auto, (max-width: 300px) 100vw, 300px\" \/><\/a><\/p>\n","protected":false},"excerpt":{"rendered":"<p data-start=\"256\" data-end=\"535\">D\u00e9couvrez tout le plaisir du <strong data-start=\"285\" data-end=\"311\">caf\u00e9 turc traditionnel<\/strong>, sans les effets de la caf\u00e9ine. \u00c9labor\u00e9 \u00e0 partir de <strong data-start=\"364\" data-end=\"415\">grains 100 % Arabica soigneusement s\u00e9lectionn\u00e9s<\/strong>, ce caf\u00e9 d\u00e9caf\u00e9in\u00e9 offre une <strong data-start=\"445\" data-end=\"488\">saveur riche, \u00e9quilibr\u00e9e et authentique<\/strong>, fid\u00e8le \u00e0 l\u2019exp\u00e9rience du caf\u00e9 turc classique.<\/p>\r\n<p data-start=\"537\" data-end=\"816\">Sa <strong data-start=\"540\" data-end=\"564\">torr\u00e9faction moyenne<\/strong> r\u00e9v\u00e8le des ar\u00f4mes subtils et une texture onctueuse, id\u00e9ale pour une d\u00e9gustation \u00e0 tout moment de la journ\u00e9e, m\u00eame en soir\u00e9e. Finement moulu, il est parfaitement adapt\u00e9 \u00e0 la pr\u00e9paration du caf\u00e9 turc, garantissant une mousse d\u00e9licate et un go\u00fbt profond.<\/p>\r\n<p data-start=\"818\" data-end=\"840\"><strong data-start=\"818\" data-end=\"840\">Caract\u00e9ristiques :<\/strong><\/p>\r\n\r\n<ul data-start=\"841\" data-end=\"973\">\r\n \t<li data-start=\"841\" data-end=\"869\">\r\n<p data-start=\"843\" data-end=\"869\">Caf\u00e9 turc <strong data-start=\"853\" data-end=\"869\">sans caf\u00e9ine<\/strong><\/p>\r\n<\/li>\r\n \t<li data-start=\"870\" data-end=\"896\">\r\n<p data-start=\"872\" data-end=\"896\">Grains <strong data-start=\"879\" data-end=\"896\">100 % Arabica<\/strong><\/p>\r\n<\/li>\r\n \t<li data-start=\"897\" data-end=\"923\">\r\n<p data-start=\"899\" data-end=\"923\"><strong data-start=\"899\" data-end=\"923\">Torr\u00e9faction moyenne<\/strong><\/p>\r\n<\/li>\r\n \t<li data-start=\"924\" data-end=\"949\">\r\n<p data-start=\"926\" data-end=\"949\">Go\u00fbt doux et aromatique<\/p>\r\n<\/li>\r\n \t<li data-start=\"950\" data-end=\"973\">\r\n<p data-start=\"952\" data-end=\"973\"><strong data-start=\"952\" data-end=\"973\">Poids net : 280 g<\/strong><\/p>\r\n<\/li>\r\n<\/ul>\r\n<p data-start=\"975\" data-end=\"1100\">Parfait pour les amateurs de caf\u00e9 \u00e0 la recherche d\u2019une alternative plus l\u00e9g\u00e8re, sans compromis sur la qualit\u00e9 et le plaisir<\/p>\r\n<p data-start=\"975\" data-end=\"1100\"><a href=\"http:\/\/alfinjel.com\/wp-content\/uploads\/2017\/09\/Sans_cafeine_3.jpg\"><img loading=\"lazy\" decoding=\"async\" class=\"alignnone size-full wp-image-4555\" src=\"http:\/\/alfinjel.com\/wp-content\/uploads\/2017\/09\/Sans_cafeine_3.jpg\" alt=\"\" width=\"300\" height=\"300\" srcset=\"https:\/\/alfinjel.com\/wp-content\/uploads\/2017\/09\/Sans_cafeine_3.jpg 300w, https:\/\/alfinjel.com\/wp-content\/uploads\/2017\/09\/Sans_cafeine_3-150x150.jpg 150w, https:\/\/alfinjel.com\/wp-content\/uploads\/2017\/09\/Sans_cafeine_3-100x100.jpg 100w\" sizes=\"auto, (max-width: 300px) 100vw, 300px\" \/><\/a><\/p>\r\n<p data-start=\"975\" data-end=\"1100\"><a href=\"http:\/\/alfinjel.com\/wp-content\/uploads\/2026\/01\/alfinjel_2026_Bleu_Sans_cafeine_-scaled.jpg\"><img loading=\"lazy\" decoding=\"async\" class=\"alignnone  wp-image-4639\" src=\"http:\/\/alfinjel.com\/wp-content\/uploads\/2026\/01\/alfinjel_2026_Bleu_Sans_cafeine_-300x217.jpg\" alt=\"\" width=\"369\" height=\"267\" srcset=\"https:\/\/alfinjel.com\/wp-content\/uploads\/2026\/01\/alfinjel_2026_Bleu_Sans_cafeine_-300x217.jpg 300w, https:\/\/alfinjel.com\/wp-content\/uploads\/2026\/01\/alfinjel_2026_Bleu_Sans_cafeine_-1024x739.jpg 1024w, https:\/\/alfinjel.com\/wp-content\/uploads\/2026\/01\/alfinjel_2026_Bleu_Sans_cafeine_-768x555.jpg 768w, https:\/\/alfinjel.com\/wp-content\/uploads\/2026\/01\/alfinjel_2026_Bleu_Sans_cafeine_-1536x1109.jpg 1536w, https:\/\/alfinjel.com\/wp-content\/uploads\/2026\/01\/alfinjel_2026_Bleu_Sans_cafeine_-2048x1479.jpg 2048w, https:\/\/alfinjel.com\/wp-content\/uploads\/2026\/01\/alfinjel_2026_Bleu_Sans_cafeine_-1320x953.jpg 1320w, https:\/\/alfinjel.com\/wp-content\/uploads\/2026\/01\/alfinjel_2026_Bleu_Sans_cafeine_-525x379.jpg 525w\" sizes=\"auto, (max-width: 369px) 100vw, 369px\" \/><\/a><\/p>","protected":false},"featured_media":4639,"comment_status":"open","ping_status":"closed","template":"","meta":{"_monsterinsights_skip_tracking":false,"_monsterinsights_sitenote_active":true,"_monsterinsights_sitenote_note":"Published: Caf\u00e9 turc sans caf\u00e9ine","_monsterinsights_sitenote_category":17,"jetpack_publicize_message":"","jetpack_publicize_feature_enabled":true,"jetpack_social_post_already_shared":false,"jetpack_social_options":{"image_generator_settings":{"template":"highway","default_image_id":0,"font":"","enabled":false},"version":2}},"product_brand":[],"product_cat":[15],"product_tag":[98],"class_list":{"0":"post-3081","1":"product","2":"type-product","3":"status-publish","4":"has-post-thumbnail","6":"product_cat-cafeturc","7":"product_tag-blue","9":"first","10":"instock","11":"featured","12":"taxable","13":"shipping-taxable","14":"purchasable","15":"product-type-simple"},"aioseo_notices":[],"jetpack_publicize_connections":[],"jetpack_sharing_enabled":true,"jetpack_likes_enabled":true,"_links":{"self":[{"href":"https:\/\/alfinjel.com\/index.php\/wp-json\/wp\/v2\/product\/3081","targetHints":{"allow":["GET"]}}],"collection":[{"href":"https:\/\/alfinjel.com\/index.php\/wp-json\/wp\/v2\/product"}],"about":[{"href":"https:\/\/alfinjel.com\/index.php\/wp-json\/wp\/v2\/types\/product"}],"replies":[{"embeddable":true,"href":"https:\/\/alfinjel.com\/index.php\/wp-json\/wp\/v2\/comments?post=3081"}],"wp:featuredmedia":[{"embeddable":true,"href":"https:\/\/alfinjel.com\/index.php\/wp-json\/wp\/v2\/media\/4639"}],"wp:attachment":[{"href":"https:\/\/alfinjel.com\/index.php\/wp-json\/wp\/v2\/media?parent=3081"}],"wp:term":[{"taxonomy":"product_brand","embeddable":true,"href":"https:\/\/alfinjel.com\/index.php\/wp-json\/wp\/v2\/product_brand?post=3081"},{"taxonomy":"product_cat","embeddable":true,"href":"https:\/\/alfinjel.com\/index.php\/wp-json\/wp\/v2\/product_cat?post=3081"},{"taxonomy":"product_tag","embeddable":true,"href":"https:\/\/alfinjel.com\/index.php\/wp-json\/wp\/v2\/product_tag?post=3081"}],"curies":[{"name":"wp","href":"https:\/\/api.w.org\/{rel}","templated":true}]}}