{"id":3044,"date":"2026-01-07T07:50:55","date_gmt":"2026-01-07T06:50:55","guid":{"rendered":"http:\/\/victorthemes.com\/themes\/elsey\/?post_type=product&#038;p=3044"},"modified":"2026-03-31T03:48:54","modified_gmt":"2026-03-31T02:48:54","slug":"cafe-cafetiere-bresil","status":"publish","type":"product","link":"https:\/\/alfinjel.com\/index.php\/product\/cafe-cafetiere-bresil\/","title":{"rendered":"Caf\u00e9 Cafeti\u00e8re \u2013 Origine Br\u00e9sil"},"content":{"rendered":"<p data-start=\"152\" data-end=\"212\"><strong data-start=\"152\" data-end=\"212\">100 % Arabica | Torr\u00e9faction moyenne | Poids net : 280 g<\/strong><\/p>\n<p data-start=\"214\" data-end=\"470\">Profitez d\u2019un caf\u00e9 savoureux et \u00e9quilibr\u00e9, sp\u00e9cialement con\u00e7u pour une <strong data-start=\"285\" data-end=\"313\">pr\u00e9paration en cafeti\u00e8re<\/strong>. Issu de <strong data-start=\"323\" data-end=\"369\">grains 100 % Arabica d\u2019origine br\u00e9silienne<\/strong>, ce caf\u00e9 se distingue par sa douceur naturelle, ses ar\u00f4mes harmonieux et sa belle rondeur en bouche.<\/p>\n<p data-start=\"472\" data-end=\"742\">Gr\u00e2ce \u00e0 sa <strong data-start=\"483\" data-end=\"507\">torr\u00e9faction moyenne<\/strong>, il r\u00e9v\u00e8le un go\u00fbt riche sans amertume excessive, parfait pour une d\u00e9gustation quotidienne. Sa mouture est adapt\u00e9e aux cafeti\u00e8res (filtre ou \u00e0 piston), garantissant une extraction optimale et une tasse aromatique \u00e0 chaque pr\u00e9paration.<\/p>\n<p data-start=\"744\" data-end=\"766\"><strong data-start=\"744\" data-end=\"766\">Caract\u00e9ristiques :<\/strong><\/p>\n<ul data-start=\"767\" data-end=\"922\">\n<li data-start=\"767\" data-end=\"792\">\n<p data-start=\"769\" data-end=\"792\">Caf\u00e9 pour <strong data-start=\"779\" data-end=\"792\">cafeti\u00e8re<\/strong><\/p>\n<\/li>\n<li data-start=\"793\" data-end=\"815\">\n<p data-start=\"795\" data-end=\"815\">Origine : <strong data-start=\"805\" data-end=\"815\">Br\u00e9sil<\/strong><\/p>\n<\/li>\n<li data-start=\"816\" data-end=\"842\">\n<p data-start=\"818\" data-end=\"842\">Grains <strong data-start=\"825\" data-end=\"842\">100 % Arabica<\/strong><\/p>\n<\/li>\n<li data-start=\"843\" data-end=\"869\">\n<p data-start=\"845\" data-end=\"869\"><strong data-start=\"845\" data-end=\"869\">Torr\u00e9faction moyenne<\/strong><\/p>\n<\/li>\n<li data-start=\"870\" data-end=\"898\">\n<p data-start=\"872\" data-end=\"898\">Saveur douce et \u00e9quilibr\u00e9e<\/p>\n<\/li>\n<li data-start=\"899\" data-end=\"922\">\n<p data-start=\"901\" data-end=\"922\"><strong data-start=\"901\" data-end=\"922\">Poids net : 280 g<\/strong><\/p>\n<\/li>\n<\/ul>\n<p data-start=\"924\" data-end=\"1039\">Un caf\u00e9 de qualit\u00e9, id\u00e9al pour accompagner vos moments de pause et de convivialit\u00e9, du matin jusqu\u2019\u00e0 l\u2019apr\u00e8s-midi<\/p>\n<p data-start=\"924\" data-end=\"1039\"><a href=\"http:\/\/alfinjel.com\/wp-content\/uploads\/2026\/01\/Arabica_Cafe_Cafitiere_280G_04.jpg\"><img loading=\"lazy\" decoding=\"async\" class=\"alignnone size-full wp-image-4569\" src=\"http:\/\/alfinjel.com\/wp-content\/uploads\/2026\/01\/Arabica_Cafe_Cafitiere_280G_04.jpg\" alt=\"\" width=\"300\" height=\"300\" srcset=\"https:\/\/alfinjel.com\/wp-content\/uploads\/2026\/01\/Arabica_Cafe_Cafitiere_280G_04.jpg 300w, https:\/\/alfinjel.com\/wp-content\/uploads\/2026\/01\/Arabica_Cafe_Cafitiere_280G_04-150x150.jpg 150w, https:\/\/alfinjel.com\/wp-content\/uploads\/2026\/01\/Arabica_Cafe_Cafitiere_280G_04-100x100.jpg 100w\" sizes=\"auto, (max-width: 300px) 100vw, 300px\" \/><\/a><a href=\"http:\/\/alfinjel.com\/wp-content\/uploads\/2026\/01\/alfinjel_2026_Rouge_cafetiere_-scaled.jpg\"><img loading=\"lazy\" decoding=\"async\" class=\"alignnone wp-image-4643\" src=\"http:\/\/alfinjel.com\/wp-content\/uploads\/2026\/01\/alfinjel_2026_Rouge_cafetiere_-300x217.jpg\" alt=\"\" width=\"413\" height=\"299\" \/><\/a><\/p>\n","protected":false},"excerpt":{"rendered":"<p data-start=\"152\" data-end=\"212\"><strong data-start=\"152\" data-end=\"212\">100 % Arabica | Torr\u00e9faction moyenne | Poids net : 280 g<\/strong><\/p>\r\n<p data-start=\"214\" data-end=\"470\">Profitez d\u2019un caf\u00e9 savoureux et \u00e9quilibr\u00e9, sp\u00e9cialement con\u00e7u pour une <strong data-start=\"285\" data-end=\"313\">pr\u00e9paration en cafeti\u00e8re<\/strong>. Issu de <strong data-start=\"323\" data-end=\"369\">grains 100 % Arabica d\u2019origine br\u00e9silienne<\/strong>, ce caf\u00e9 se distingue par sa douceur naturelle, ses ar\u00f4mes harmonieux et sa belle rondeur en bouche.<\/p>\r\n<p data-start=\"472\" data-end=\"742\">Gr\u00e2ce \u00e0 sa <strong data-start=\"483\" data-end=\"507\">torr\u00e9faction moyenne<\/strong>, il r\u00e9v\u00e8le un go\u00fbt riche sans amertume excessive, parfait pour une d\u00e9gustation quotidienne. Sa mouture est adapt\u00e9e aux cafeti\u00e8res (filtre ou \u00e0 piston), garantissant une extraction optimale et une tasse aromatique \u00e0 chaque pr\u00e9paration.<\/p>\r\n<p data-start=\"744\" data-end=\"766\"><strong data-start=\"744\" data-end=\"766\">Caract\u00e9ristiques :<\/strong><\/p>\r\n\r\n<ul data-start=\"767\" data-end=\"922\">\r\n \t<li data-start=\"767\" data-end=\"792\">\r\n<p data-start=\"769\" data-end=\"792\">Caf\u00e9 pour <strong data-start=\"779\" data-end=\"792\">cafeti\u00e8re<\/strong><\/p>\r\n<\/li>\r\n \t<li data-start=\"793\" data-end=\"815\">\r\n<p data-start=\"795\" data-end=\"815\">Origine : <strong data-start=\"805\" data-end=\"815\">Br\u00e9sil<\/strong><\/p>\r\n<\/li>\r\n \t<li data-start=\"816\" data-end=\"842\">\r\n<p data-start=\"818\" data-end=\"842\">Grains <strong data-start=\"825\" data-end=\"842\">100 % Arabica<\/strong><\/p>\r\n<\/li>\r\n \t<li data-start=\"843\" data-end=\"869\">\r\n<p data-start=\"845\" data-end=\"869\"><strong data-start=\"845\" data-end=\"869\">Torr\u00e9faction moyenne<\/strong><\/p>\r\n<\/li>\r\n \t<li data-start=\"870\" data-end=\"898\">\r\n<p data-start=\"872\" data-end=\"898\">Saveur douce et \u00e9quilibr\u00e9e<\/p>\r\n<\/li>\r\n \t<li data-start=\"899\" data-end=\"922\">\r\n<p data-start=\"901\" data-end=\"922\"><strong data-start=\"901\" data-end=\"922\">Poids net : 280 g<\/strong><\/p>\r\n<\/li>\r\n<\/ul>\r\n<p data-start=\"924\" data-end=\"1039\">Un caf\u00e9 de qualit\u00e9, id\u00e9al pour accompagner vos moments de pause et de convivialit\u00e9, du matin jusqu\u2019\u00e0 l\u2019apr\u00e8s-midi<\/p>\r\n<p data-start=\"924\" data-end=\"1039\"><a href=\"http:\/\/alfinjel.com\/wp-content\/uploads\/2026\/01\/Arabica_Cafe_Cafitiere_280G_04.jpg\"><img loading=\"lazy\" decoding=\"async\" class=\"alignnone size-full wp-image-4569\" src=\"http:\/\/alfinjel.com\/wp-content\/uploads\/2026\/01\/Arabica_Cafe_Cafitiere_280G_04.jpg\" alt=\"\" width=\"300\" height=\"300\" srcset=\"https:\/\/alfinjel.com\/wp-content\/uploads\/2026\/01\/Arabica_Cafe_Cafitiere_280G_04.jpg 300w, https:\/\/alfinjel.com\/wp-content\/uploads\/2026\/01\/Arabica_Cafe_Cafitiere_280G_04-150x150.jpg 150w, https:\/\/alfinjel.com\/wp-content\/uploads\/2026\/01\/Arabica_Cafe_Cafitiere_280G_04-100x100.jpg 100w\" sizes=\"auto, (max-width: 300px) 100vw, 300px\" \/><\/a><a href=\"http:\/\/alfinjel.com\/wp-content\/uploads\/2026\/01\/alfinjel_2026_Rouge_cafetiere_-2-scaled.jpg\"><img loading=\"lazy\" decoding=\"async\" class=\"alignnone  wp-image-4647\" src=\"http:\/\/alfinjel.com\/wp-content\/uploads\/2026\/01\/alfinjel_2026_Rouge_cafetiere_-2-300x217.jpg\" alt=\"\" width=\"416\" height=\"301\" \/><\/a><\/p>","protected":false},"featured_media":4643,"comment_status":"open","ping_status":"closed","template":"","meta":{"_monsterinsights_skip_tracking":false,"_monsterinsights_sitenote_active":false,"_monsterinsights_sitenote_note":"","_monsterinsights_sitenote_category":0,"jetpack_publicize_message":"","jetpack_publicize_feature_enabled":true,"jetpack_social_post_already_shared":false,"jetpack_social_options":{"image_generator_settings":{"template":"highway","default_image_id":0,"font":"","enabled":false},"version":2}},"product_brand":[],"product_cat":[15],"product_tag":[85,100],"class_list":{"0":"post-3044","1":"product","2":"type-product","3":"status-publish","4":"has-post-thumbnail","6":"product_cat-cafeturc","7":"product_tag-cafetiere","8":"product_tag-rouge","10":"first","11":"instock","12":"taxable","13":"shipping-taxable","14":"purchasable","15":"product-type-simple"},"aioseo_notices":[],"jetpack_publicize_connections":[],"jetpack_sharing_enabled":true,"jetpack_likes_enabled":true,"_links":{"self":[{"href":"https:\/\/alfinjel.com\/index.php\/wp-json\/wp\/v2\/product\/3044","targetHints":{"allow":["GET"]}}],"collection":[{"href":"https:\/\/alfinjel.com\/index.php\/wp-json\/wp\/v2\/product"}],"about":[{"href":"https:\/\/alfinjel.com\/index.php\/wp-json\/wp\/v2\/types\/product"}],"replies":[{"embeddable":true,"href":"https:\/\/alfinjel.com\/index.php\/wp-json\/wp\/v2\/comments?post=3044"}],"wp:featuredmedia":[{"embeddable":true,"href":"https:\/\/alfinjel.com\/index.php\/wp-json\/wp\/v2\/media\/4643"}],"wp:attachment":[{"href":"https:\/\/alfinjel.com\/index.php\/wp-json\/wp\/v2\/media?parent=3044"}],"wp:term":[{"taxonomy":"product_brand","embeddable":true,"href":"https:\/\/alfinjel.com\/index.php\/wp-json\/wp\/v2\/product_brand?post=3044"},{"taxonomy":"product_cat","embeddable":true,"href":"https:\/\/alfinjel.com\/index.php\/wp-json\/wp\/v2\/product_cat?post=3044"},{"taxonomy":"product_tag","embeddable":true,"href":"https:\/\/alfinjel.com\/index.php\/wp-json\/wp\/v2\/product_tag?post=3044"}],"curies":[{"name":"wp","href":"https:\/\/api.w.org\/{rel}","templated":true}]}}