{"id":2753,"date":"2026-01-02T14:18:28","date_gmt":"2026-01-02T13:18:28","guid":{"rendered":"http:\/\/victorthemes.com\/themes\/elsey\/?post_type=product&#038;p=2753"},"modified":"2026-03-31T03:58:44","modified_gmt":"2026-03-31T02:58:44","slug":"cafe-turc-orange","status":"publish","type":"product","link":"https:\/\/alfinjel.com\/index.php\/product\/cafe-turc-orange\/","title":{"rendered":"Caf\u00e9 Turc Pur \u00e0 l\u2019Orange \u2013 Origine Br\u00e9sil"},"content":{"rendered":"<p data-start=\"159\" data-end=\"219\"><strong data-start=\"159\" data-end=\"219\">100 % Arabica | Torr\u00e9faction moyenne | Poids net : 280 g<\/strong><\/p>\n<p data-start=\"221\" data-end=\"522\">Laissez-vous s\u00e9duire par une alliance raffin\u00e9e entre la <strong data-start=\"277\" data-end=\"303\">tradition du caf\u00e9 turc<\/strong> et la <strong data-start=\"310\" data-end=\"345\">fra\u00eecheur naturelle de l\u2019orange<\/strong>. \u00c9labor\u00e9 \u00e0 partir de <strong data-start=\"367\" data-end=\"413\">grains 100 % Arabica d\u2019origine br\u00e9silienne<\/strong>, ce caf\u00e9 offre une exp\u00e9rience sensorielle unique, m\u00ealant richesse aromatique et notes d\u00e9licatement fruit\u00e9es.<\/p>\n<p data-start=\"524\" data-end=\"810\">Sa <strong data-start=\"527\" data-end=\"551\">torr\u00e9faction moyenne<\/strong> r\u00e9v\u00e8le un \u00e9quilibre parfait entre intensit\u00e9 et douceur, mettant en valeur les ar\u00f4mes du caf\u00e9 tout en sublimant la touche d\u2019orange. Finement moulu, il est id\u00e9al pour une pr\u00e9paration authentique du caf\u00e9 turc, avec une texture onctueuse et une mousse g\u00e9n\u00e9reuse.<\/p>\n<p data-start=\"812\" data-end=\"834\"><strong data-start=\"812\" data-end=\"834\">Caract\u00e9ristiques :<\/strong><\/p>\n<ul data-start=\"835\" data-end=\"1016\">\n<li data-start=\"835\" data-end=\"875\">\n<p data-start=\"837\" data-end=\"875\">Caf\u00e9 turc <strong data-start=\"847\" data-end=\"875\">pur aromatis\u00e9 \u00e0 l\u2019orange<\/strong><\/p>\n<\/li>\n<li data-start=\"876\" data-end=\"898\">\n<p data-start=\"878\" data-end=\"898\">Origine : <strong data-start=\"888\" data-end=\"898\">Br\u00e9sil<\/strong><\/p>\n<\/li>\n<li data-start=\"899\" data-end=\"925\">\n<p data-start=\"901\" data-end=\"925\">Grains <strong data-start=\"908\" data-end=\"925\">100 % Arabica<\/strong><\/p>\n<\/li>\n<li data-start=\"926\" data-end=\"952\">\n<p data-start=\"928\" data-end=\"952\"><strong data-start=\"928\" data-end=\"952\">Torr\u00e9faction moyenne<\/strong><\/p>\n<\/li>\n<li data-start=\"953\" data-end=\"992\">\n<p data-start=\"955\" data-end=\"992\">Saveur \u00e9quilibr\u00e9e aux notes d\u2019agrumes<\/p>\n<\/li>\n<li data-start=\"993\" data-end=\"1016\">\n<p data-start=\"995\" data-end=\"1016\"><strong data-start=\"995\" data-end=\"1016\">Poids net : 280 g<\/strong><\/p>\n<\/li>\n<\/ul>\n<p data-start=\"1018\" data-end=\"1134\">Un caf\u00e9 original et \u00e9l\u00e9gant, parfait pour les amateurs de saveurs subtiles et d\u2019exp\u00e9riences gustatives nouvelles<\/p>\n<p data-start=\"1018\" data-end=\"1134\"><a href=\"http:\/\/alfinjel.com\/wp-content\/uploads\/2017\/09\/Arabica_cafe_pur_turc_Au_orange_280G.jpg\"><img loading=\"lazy\" decoding=\"async\" class=\"alignnone size-medium wp-image-4448\" src=\"http:\/\/alfinjel.com\/wp-content\/uploads\/2017\/09\/Arabica_cafe_pur_turc_Au_orange_280G-300x300.jpg\" alt=\"\" width=\"300\" height=\"300\" srcset=\"https:\/\/alfinjel.com\/wp-content\/uploads\/2017\/09\/Arabica_cafe_pur_turc_Au_orange_280G-300x300.jpg 300w, https:\/\/alfinjel.com\/wp-content\/uploads\/2017\/09\/Arabica_cafe_pur_turc_Au_orange_280G-1024x1024.jpg 1024w, https:\/\/alfinjel.com\/wp-content\/uploads\/2017\/09\/Arabica_cafe_pur_turc_Au_orange_280G-150x150.jpg 150w, https:\/\/alfinjel.com\/wp-content\/uploads\/2017\/09\/Arabica_cafe_pur_turc_Au_orange_280G-768x768.jpg 768w, https:\/\/alfinjel.com\/wp-content\/uploads\/2017\/09\/Arabica_cafe_pur_turc_Au_orange_280G-1320x1320.jpg 1320w, https:\/\/alfinjel.com\/wp-content\/uploads\/2017\/09\/Arabica_cafe_pur_turc_Au_orange_280G-525x525.jpg 525w, https:\/\/alfinjel.com\/wp-content\/uploads\/2017\/09\/Arabica_cafe_pur_turc_Au_orange_280G-100x100.jpg 100w, https:\/\/alfinjel.com\/wp-content\/uploads\/2017\/09\/Arabica_cafe_pur_turc_Au_orange_280G.jpg 1500w\" sizes=\"auto, (max-width: 300px) 100vw, 300px\" \/><\/a><\/p>\n<p data-start=\"1018\" data-end=\"1134\"><a href=\"http:\/\/alfinjel.com\/wp-content\/uploads\/2026\/01\/alfinjel_2026_Orange_-scaled.jpg\"><img loading=\"lazy\" decoding=\"async\" class=\"alignnone size-medium wp-image-4642\" src=\"http:\/\/alfinjel.com\/wp-content\/uploads\/2026\/01\/alfinjel_2026_Orange_-300x217.jpg\" alt=\"\" width=\"300\" height=\"217\" srcset=\"https:\/\/alfinjel.com\/wp-content\/uploads\/2026\/01\/alfinjel_2026_Orange_-300x217.jpg 300w, https:\/\/alfinjel.com\/wp-content\/uploads\/2026\/01\/alfinjel_2026_Orange_-1024x739.jpg 1024w, https:\/\/alfinjel.com\/wp-content\/uploads\/2026\/01\/alfinjel_2026_Orange_-768x555.jpg 768w, https:\/\/alfinjel.com\/wp-content\/uploads\/2026\/01\/alfinjel_2026_Orange_-1536x1109.jpg 1536w, https:\/\/alfinjel.com\/wp-content\/uploads\/2026\/01\/alfinjel_2026_Orange_-2048x1479.jpg 2048w, https:\/\/alfinjel.com\/wp-content\/uploads\/2026\/01\/alfinjel_2026_Orange_-1320x953.jpg 1320w, https:\/\/alfinjel.com\/wp-content\/uploads\/2026\/01\/alfinjel_2026_Orange_-525x379.jpg 525w\" sizes=\"auto, (max-width: 300px) 100vw, 300px\" \/><\/a><\/p>\n<p data-start=\"1018\" data-end=\"1134\">\n","protected":false},"excerpt":{"rendered":"<p data-start=\"159\" data-end=\"219\"><strong data-start=\"159\" data-end=\"219\">100 % Arabica | Torr\u00e9faction moyenne | Poids net : 280 g<\/strong><\/p>\r\n<p data-start=\"221\" data-end=\"522\">Laissez-vous s\u00e9duire par une alliance raffin\u00e9e entre la <strong data-start=\"277\" data-end=\"303\">tradition du caf\u00e9 turc<\/strong> et la <strong data-start=\"310\" data-end=\"345\">fra\u00eecheur naturelle de l\u2019orange<\/strong>. \u00c9labor\u00e9 \u00e0 partir de <strong data-start=\"367\" data-end=\"413\">grains 100 % Arabica d\u2019origine br\u00e9silienne<\/strong>, ce caf\u00e9 offre une exp\u00e9rience sensorielle unique, m\u00ealant richesse aromatique et notes d\u00e9licatement fruit\u00e9es.<\/p>\r\n<p data-start=\"524\" data-end=\"810\">Sa <strong data-start=\"527\" data-end=\"551\">torr\u00e9faction moyenne<\/strong> r\u00e9v\u00e8le un \u00e9quilibre parfait entre intensit\u00e9 et douceur, mettant en valeur les ar\u00f4mes du caf\u00e9 tout en sublimant la touche d\u2019orange. Finement moulu, il est id\u00e9al pour une pr\u00e9paration authentique du caf\u00e9 turc, avec une texture onctueuse et une mousse g\u00e9n\u00e9reuse.<\/p>\r\n<p data-start=\"812\" data-end=\"834\"><strong data-start=\"812\" data-end=\"834\">Caract\u00e9ristiques :<\/strong><\/p>\r\n\r\n<ul data-start=\"835\" data-end=\"1016\">\r\n \t<li data-start=\"835\" data-end=\"875\">\r\n<p data-start=\"837\" data-end=\"875\">Caf\u00e9 turc <strong data-start=\"847\" data-end=\"875\">pur aromatis\u00e9 \u00e0 l\u2019orange<\/strong><\/p>\r\n<\/li>\r\n \t<li data-start=\"876\" data-end=\"898\">\r\n<p data-start=\"878\" data-end=\"898\">Origine : <strong data-start=\"888\" data-end=\"898\">Br\u00e9sil<\/strong><\/p>\r\n<\/li>\r\n \t<li data-start=\"899\" data-end=\"925\">\r\n<p data-start=\"901\" data-end=\"925\">Grains <strong data-start=\"908\" data-end=\"925\">100 % Arabica<\/strong><\/p>\r\n<\/li>\r\n \t<li data-start=\"926\" data-end=\"952\">\r\n<p data-start=\"928\" data-end=\"952\"><strong data-start=\"928\" data-end=\"952\">Torr\u00e9faction moyenne<\/strong><\/p>\r\n<\/li>\r\n \t<li data-start=\"953\" data-end=\"992\">\r\n<p data-start=\"955\" data-end=\"992\">Saveur \u00e9quilibr\u00e9e aux notes d\u2019agrumes<\/p>\r\n<\/li>\r\n \t<li data-start=\"993\" data-end=\"1016\">\r\n<p data-start=\"995\" data-end=\"1016\"><strong data-start=\"995\" data-end=\"1016\">Poids net : 280 g<\/strong><\/p>\r\n<\/li>\r\n<\/ul>\r\n<p data-start=\"1018\" data-end=\"1134\">Un caf\u00e9 original et \u00e9l\u00e9gant, parfait pour les amateurs de saveurs subtiles et d\u2019exp\u00e9riences gustatives nouvelles<\/p>\r\n<p data-start=\"1018\" data-end=\"1134\"><a href=\"http:\/\/alfinjel.com\/wp-content\/uploads\/2026\/01\/Arabica_cafe_pur_turc_Au_orange_280G_03.jpg\"><img loading=\"lazy\" decoding=\"async\" class=\"alignnone size-full wp-image-4562\" src=\"http:\/\/alfinjel.com\/wp-content\/uploads\/2026\/01\/Arabica_cafe_pur_turc_Au_orange_280G_03.jpg\" alt=\"\" width=\"300\" height=\"300\" srcset=\"https:\/\/alfinjel.com\/wp-content\/uploads\/2026\/01\/Arabica_cafe_pur_turc_Au_orange_280G_03.jpg 300w, https:\/\/alfinjel.com\/wp-content\/uploads\/2026\/01\/Arabica_cafe_pur_turc_Au_orange_280G_03-150x150.jpg 150w, https:\/\/alfinjel.com\/wp-content\/uploads\/2026\/01\/Arabica_cafe_pur_turc_Au_orange_280G_03-100x100.jpg 100w\" sizes=\"auto, (max-width: 300px) 100vw, 300px\" \/><\/a><a href=\"http:\/\/alfinjel.com\/wp-content\/uploads\/2017\/09\/Arabica_cafe_pur_turc_Au_orange_280G.jpg\"><img loading=\"lazy\" decoding=\"async\" class=\"alignnone wp-image-4448\" src=\"http:\/\/alfinjel.com\/wp-content\/uploads\/2017\/09\/Arabica_cafe_pur_turc_Au_orange_280G-300x300.jpg\" alt=\"\" width=\"452\" height=\"452\" srcset=\"https:\/\/alfinjel.com\/wp-content\/uploads\/2017\/09\/Arabica_cafe_pur_turc_Au_orange_280G-300x300.jpg 300w, https:\/\/alfinjel.com\/wp-content\/uploads\/2017\/09\/Arabica_cafe_pur_turc_Au_orange_280G-1024x1024.jpg 1024w, https:\/\/alfinjel.com\/wp-content\/uploads\/2017\/09\/Arabica_cafe_pur_turc_Au_orange_280G-150x150.jpg 150w, https:\/\/alfinjel.com\/wp-content\/uploads\/2017\/09\/Arabica_cafe_pur_turc_Au_orange_280G-768x768.jpg 768w, https:\/\/alfinjel.com\/wp-content\/uploads\/2017\/09\/Arabica_cafe_pur_turc_Au_orange_280G-1320x1320.jpg 1320w, https:\/\/alfinjel.com\/wp-content\/uploads\/2017\/09\/Arabica_cafe_pur_turc_Au_orange_280G-525x525.jpg 525w, https:\/\/alfinjel.com\/wp-content\/uploads\/2017\/09\/Arabica_cafe_pur_turc_Au_orange_280G-100x100.jpg 100w, https:\/\/alfinjel.com\/wp-content\/uploads\/2017\/09\/Arabica_cafe_pur_turc_Au_orange_280G.jpg 1500w\" sizes=\"auto, (max-width: 452px) 100vw, 452px\" \/><\/a><\/p>\r\n<p data-start=\"1018\" data-end=\"1134\"><a href=\"http:\/\/alfinjel.com\/wp-content\/uploads\/2026\/01\/alfinjel_2026_Orange_-scaled.jpg\"><img loading=\"lazy\" decoding=\"async\" class=\"alignnone  wp-image-4642\" src=\"http:\/\/alfinjel.com\/wp-content\/uploads\/2026\/01\/alfinjel_2026_Orange_-300x217.jpg\" alt=\"\" width=\"593\" height=\"429\" srcset=\"https:\/\/alfinjel.com\/wp-content\/uploads\/2026\/01\/alfinjel_2026_Orange_-300x217.jpg 300w, https:\/\/alfinjel.com\/wp-content\/uploads\/2026\/01\/alfinjel_2026_Orange_-1024x739.jpg 1024w, https:\/\/alfinjel.com\/wp-content\/uploads\/2026\/01\/alfinjel_2026_Orange_-768x555.jpg 768w, https:\/\/alfinjel.com\/wp-content\/uploads\/2026\/01\/alfinjel_2026_Orange_-1536x1109.jpg 1536w, https:\/\/alfinjel.com\/wp-content\/uploads\/2026\/01\/alfinjel_2026_Orange_-2048x1479.jpg 2048w, https:\/\/alfinjel.com\/wp-content\/uploads\/2026\/01\/alfinjel_2026_Orange_-1320x953.jpg 1320w, https:\/\/alfinjel.com\/wp-content\/uploads\/2026\/01\/alfinjel_2026_Orange_-525x379.jpg 525w\" sizes=\"auto, (max-width: 593px) 100vw, 593px\" \/><\/a><\/p>","protected":false},"featured_media":4642,"comment_status":"open","ping_status":"closed","template":"","meta":{"_monsterinsights_skip_tracking":false,"_monsterinsights_sitenote_active":false,"_monsterinsights_sitenote_note":"","_monsterinsights_sitenote_category":0,"jetpack_publicize_message":"","jetpack_publicize_feature_enabled":true,"jetpack_social_post_already_shared":false,"jetpack_social_options":{"image_generator_settings":{"template":"highway","default_image_id":0,"font":"","enabled":false},"version":2}},"product_brand":[],"product_cat":[15],"product_tag":[84],"class_list":{"0":"post-2753","1":"product","2":"type-product","3":"status-publish","4":"has-post-thumbnail","6":"product_cat-cafeturc","7":"product_tag-orange","9":"first","10":"instock","11":"taxable","12":"shipping-taxable","13":"purchasable","14":"product-type-simple"},"aioseo_notices":[],"jetpack_publicize_connections":[],"jetpack_sharing_enabled":true,"jetpack_likes_enabled":true,"_links":{"self":[{"href":"https:\/\/alfinjel.com\/index.php\/wp-json\/wp\/v2\/product\/2753","targetHints":{"allow":["GET"]}}],"collection":[{"href":"https:\/\/alfinjel.com\/index.php\/wp-json\/wp\/v2\/product"}],"about":[{"href":"https:\/\/alfinjel.com\/index.php\/wp-json\/wp\/v2\/types\/product"}],"replies":[{"embeddable":true,"href":"https:\/\/alfinjel.com\/index.php\/wp-json\/wp\/v2\/comments?post=2753"}],"wp:featuredmedia":[{"embeddable":true,"href":"https:\/\/alfinjel.com\/index.php\/wp-json\/wp\/v2\/media\/4642"}],"wp:attachment":[{"href":"https:\/\/alfinjel.com\/index.php\/wp-json\/wp\/v2\/media?parent=2753"}],"wp:term":[{"taxonomy":"product_brand","embeddable":true,"href":"https:\/\/alfinjel.com\/index.php\/wp-json\/wp\/v2\/product_brand?post=2753"},{"taxonomy":"product_cat","embeddable":true,"href":"https:\/\/alfinjel.com\/index.php\/wp-json\/wp\/v2\/product_cat?post=2753"},{"taxonomy":"product_tag","embeddable":true,"href":"https:\/\/alfinjel.com\/index.php\/wp-json\/wp\/v2\/product_tag?post=2753"}],"curies":[{"name":"wp","href":"https:\/\/api.w.org\/{rel}","templated":true}]}}