{"id":2663,"date":"2026-02-01T12:33:25","date_gmt":"2026-02-01T11:33:25","guid":{"rendered":"http:\/\/victorthemes.com\/themes\/elsey\/?post_type=product&#038;p=2663"},"modified":"2026-03-31T03:51:29","modified_gmt":"2026-03-31T02:51:29","slug":"cafe-turc-pur","status":"publish","type":"product","link":"https:\/\/alfinjel.com\/index.php\/product\/cafe-turc-pur\/","title":{"rendered":"Caf\u00e9 Turc Pur \u2013 Origine Br\u00e9sil"},"content":{"rendered":"<p data-start=\"143\" data-end=\"203\"><strong data-start=\"143\" data-end=\"203\">00 % Arabica | Torr\u00e9faction moyenne | Poids net : 280 g<\/strong><\/p>\n<p data-start=\"205\" data-end=\"496\">Savourez l\u2019authenticit\u00e9 d\u2019un <strong data-start=\"234\" data-end=\"251\">caf\u00e9 turc pur<\/strong>, issu exclusivement de <strong data-start=\"275\" data-end=\"321\">grains 100 % Arabica d\u2019origine br\u00e9silienne<\/strong>, r\u00e9put\u00e9s pour leur qualit\u00e9 et leur richesse aromatique. Ce caf\u00e9 se distingue par un <strong data-start=\"406\" data-end=\"434\">profil doux et \u00e9quilibr\u00e9<\/strong>, avec des notes chaleureuses et une l\u00e9g\u00e8re rondeur en bouche.<\/p>\n<p data-start=\"498\" data-end=\"761\">Sa <strong data-start=\"501\" data-end=\"525\">torr\u00e9faction moyenne<\/strong> permet de pr\u00e9server toute la finesse des ar\u00f4mes tout en offrant une intensit\u00e9 harmonieuse, id\u00e9ale pour une pr\u00e9paration traditionnelle du caf\u00e9 turc. Finement moulu, il garantit une texture velout\u00e9e et une mousse d\u00e9licate \u00e0 chaque tasse.<\/p>\n<p data-start=\"763\" data-end=\"785\"><strong data-start=\"763\" data-end=\"785\">Caract\u00e9ristiques :<\/strong><\/p>\n<ul data-start=\"786\" data-end=\"940\">\n<li data-start=\"786\" data-end=\"805\">\n<p data-start=\"788\" data-end=\"805\">Caf\u00e9 turc <strong data-start=\"798\" data-end=\"805\">pur<\/strong><\/p>\n<\/li>\n<li data-start=\"806\" data-end=\"828\">\n<p data-start=\"808\" data-end=\"828\">Origine : <strong data-start=\"818\" data-end=\"828\">Br\u00e9sil<\/strong><\/p>\n<\/li>\n<li data-start=\"829\" data-end=\"855\">\n<p data-start=\"831\" data-end=\"855\">Grains <strong data-start=\"838\" data-end=\"855\">100 % Arabica<\/strong><\/p>\n<\/li>\n<li data-start=\"856\" data-end=\"882\">\n<p data-start=\"858\" data-end=\"882\"><strong data-start=\"858\" data-end=\"882\">Torr\u00e9faction moyenne<\/strong><\/p>\n<\/li>\n<li data-start=\"883\" data-end=\"916\">\n<p data-start=\"885\" data-end=\"916\">Saveur \u00e9quilibr\u00e9e et aromatique<\/p>\n<\/li>\n<li data-start=\"917\" data-end=\"940\">\n<p data-start=\"919\" data-end=\"940\"><strong data-start=\"919\" data-end=\"940\">Poids net : 280 g<\/strong><\/p>\n<\/li>\n<\/ul>\n<p><a href=\"http:\/\/alfinjel.com\/wp-content\/uploads\/2017\/09\/Arabica_Cafe_turc_Pur_280_G3.jpg\"><img loading=\"lazy\" decoding=\"async\" class=\"alignnone size-full wp-image-4558\" src=\"http:\/\/alfinjel.com\/wp-content\/uploads\/2017\/09\/Arabica_Cafe_turc_Pur_280_G3.jpg\" alt=\"\" width=\"300\" height=\"300\" srcset=\"https:\/\/alfinjel.com\/wp-content\/uploads\/2017\/09\/Arabica_Cafe_turc_Pur_280_G3.jpg 300w, https:\/\/alfinjel.com\/wp-content\/uploads\/2017\/09\/Arabica_Cafe_turc_Pur_280_G3-150x150.jpg 150w, https:\/\/alfinjel.com\/wp-content\/uploads\/2017\/09\/Arabica_Cafe_turc_Pur_280_G3-100x100.jpg 100w\" sizes=\"auto, (max-width: 300px) 100vw, 300px\" \/><\/a><a href=\"http:\/\/alfinjel.com\/wp-content\/uploads\/2026\/01\/alfinjel_2026_Jaune_Turc_Pur_-scaled.jpg\"><img loading=\"lazy\" decoding=\"async\" class=\"alignnone  wp-image-4641\" src=\"http:\/\/alfinjel.com\/wp-content\/uploads\/2026\/01\/alfinjel_2026_Jaune_Turc_Pur_-300x217.jpg\" alt=\"\" width=\"413\" height=\"299\" \/><\/a><\/p>\n","protected":false},"excerpt":{"rendered":"<p data-start=\"143\" data-end=\"203\"><strong data-start=\"143\" data-end=\"203\">00 % Arabica | Torr\u00e9faction moyenne | Poids net : 280 g<\/strong><\/p>\r\n<p data-start=\"205\" data-end=\"496\">Savourez l\u2019authenticit\u00e9 d\u2019un <strong data-start=\"234\" data-end=\"251\">caf\u00e9 turc pur<\/strong>, issu exclusivement de <strong data-start=\"275\" data-end=\"321\">grains 100 % Arabica d\u2019origine br\u00e9silienne<\/strong>, r\u00e9put\u00e9s pour leur qualit\u00e9 et leur richesse aromatique. Ce caf\u00e9 se distingue par un <strong data-start=\"406\" data-end=\"434\">profil doux et \u00e9quilibr\u00e9<\/strong>, avec des notes chaleureuses et une l\u00e9g\u00e8re rondeur en bouche.<\/p>\r\n<p data-start=\"498\" data-end=\"761\">Sa <strong data-start=\"501\" data-end=\"525\">torr\u00e9faction moyenne<\/strong> permet de pr\u00e9server toute la finesse des ar\u00f4mes tout en offrant une intensit\u00e9 harmonieuse, id\u00e9ale pour une pr\u00e9paration traditionnelle du caf\u00e9 turc. Finement moulu, il garantit une texture velout\u00e9e et une mousse d\u00e9licate \u00e0 chaque tasse.<\/p>\r\n<p data-start=\"763\" data-end=\"785\"><strong data-start=\"763\" data-end=\"785\">Caract\u00e9ristiques :<\/strong><\/p>\r\n\r\n<ul data-start=\"786\" data-end=\"940\">\r\n \t<li data-start=\"786\" data-end=\"805\">\r\n<p data-start=\"788\" data-end=\"805\">Caf\u00e9 turc <strong data-start=\"798\" data-end=\"805\">pur<\/strong><\/p>\r\n<\/li>\r\n \t<li data-start=\"806\" data-end=\"828\">\r\n<p data-start=\"808\" data-end=\"828\">Origine : <strong data-start=\"818\" data-end=\"828\">Br\u00e9sil<\/strong><\/p>\r\n<\/li>\r\n \t<li data-start=\"829\" data-end=\"855\">\r\n<p data-start=\"831\" data-end=\"855\">Grains <strong data-start=\"838\" data-end=\"855\">100 % Arabica<\/strong><\/p>\r\n<\/li>\r\n \t<li data-start=\"856\" data-end=\"882\">\r\n<p data-start=\"858\" data-end=\"882\"><strong data-start=\"858\" data-end=\"882\">Torr\u00e9faction moyenne<\/strong><\/p>\r\n<\/li>\r\n \t<li data-start=\"883\" data-end=\"916\">\r\n<p data-start=\"885\" data-end=\"916\">Saveur \u00e9quilibr\u00e9e et aromatique<\/p>\r\n<\/li>\r\n \t<li data-start=\"917\" data-end=\"940\">\r\n<p data-start=\"919\" data-end=\"940\"><strong data-start=\"919\" data-end=\"940\">Poids net : 280 g<\/strong><\/p>\r\n<\/li>\r\n \t<li data-start=\"917\" data-end=\"940\">\r\n<p data-start=\"919\" data-end=\"940\"><strong data-start=\"919\" data-end=\"940\"><a href=\"http:\/\/alfinjel.com\/wp-content\/uploads\/2017\/09\/Arabica_Cafe_turc_Pur_280_G4.jpg\"><img loading=\"lazy\" decoding=\"async\" class=\"alignnone size-full wp-image-4559\" src=\"http:\/\/alfinjel.com\/wp-content\/uploads\/2017\/09\/Arabica_Cafe_turc_Pur_280_G4.jpg\" alt=\"\" width=\"300\" height=\"300\" srcset=\"https:\/\/alfinjel.com\/wp-content\/uploads\/2017\/09\/Arabica_Cafe_turc_Pur_280_G4.jpg 300w, https:\/\/alfinjel.com\/wp-content\/uploads\/2017\/09\/Arabica_Cafe_turc_Pur_280_G4-150x150.jpg 150w, https:\/\/alfinjel.com\/wp-content\/uploads\/2017\/09\/Arabica_Cafe_turc_Pur_280_G4-100x100.jpg 100w\" sizes=\"auto, (max-width: 300px) 100vw, 300px\" \/><\/a><\/strong><\/p>\r\n<\/li>\r\n \t<li data-start=\"917\" data-end=\"940\"><a href=\"http:\/\/alfinjel.com\/wp-content\/uploads\/2026\/01\/alfinjel_2026_Jaune_Turc_Pur_-1-scaled.jpg\"><img loading=\"lazy\" decoding=\"async\" class=\"alignnone size-medium wp-image-4646\" src=\"http:\/\/alfinjel.com\/wp-content\/uploads\/2026\/01\/alfinjel_2026_Jaune_Turc_Pur_-1-300x217.jpg\" alt=\"\" width=\"300\" height=\"217\" srcset=\"https:\/\/alfinjel.com\/wp-content\/uploads\/2026\/01\/alfinjel_2026_Jaune_Turc_Pur_-1-300x217.jpg 300w, https:\/\/alfinjel.com\/wp-content\/uploads\/2026\/01\/alfinjel_2026_Jaune_Turc_Pur_-1-1024x739.jpg 1024w, https:\/\/alfinjel.com\/wp-content\/uploads\/2026\/01\/alfinjel_2026_Jaune_Turc_Pur_-1-768x555.jpg 768w, https:\/\/alfinjel.com\/wp-content\/uploads\/2026\/01\/alfinjel_2026_Jaune_Turc_Pur_-1-1536x1109.jpg 1536w, https:\/\/alfinjel.com\/wp-content\/uploads\/2026\/01\/alfinjel_2026_Jaune_Turc_Pur_-1-2048x1479.jpg 2048w, https:\/\/alfinjel.com\/wp-content\/uploads\/2026\/01\/alfinjel_2026_Jaune_Turc_Pur_-1-1320x953.jpg 1320w, https:\/\/alfinjel.com\/wp-content\/uploads\/2026\/01\/alfinjel_2026_Jaune_Turc_Pur_-1-525x379.jpg 525w\" sizes=\"auto, (max-width: 300px) 100vw, 300px\" \/><\/a><\/li>\r\n<\/ul>","protected":false},"featured_media":4646,"comment_status":"open","ping_status":"closed","template":"","meta":{"_monsterinsights_skip_tracking":false,"_monsterinsights_sitenote_active":false,"_monsterinsights_sitenote_note":"","_monsterinsights_sitenote_category":0,"jetpack_publicize_message":"","jetpack_publicize_feature_enabled":true,"jetpack_social_post_already_shared":false,"jetpack_social_options":{"image_generator_settings":{"template":"highway","default_image_id":0,"font":"","enabled":false},"version":2}},"product_brand":[],"product_cat":[15],"product_tag":[99],"class_list":{"0":"post-2663","1":"product","2":"type-product","3":"status-publish","4":"has-post-thumbnail","6":"product_cat-cafeturc","7":"product_tag-jaune","9":"first","10":"instock","11":"taxable","12":"shipping-taxable","13":"purchasable","14":"product-type-simple"},"aioseo_notices":[],"jetpack_publicize_connections":[],"jetpack_sharing_enabled":true,"jetpack_likes_enabled":true,"_links":{"self":[{"href":"https:\/\/alfinjel.com\/index.php\/wp-json\/wp\/v2\/product\/2663","targetHints":{"allow":["GET"]}}],"collection":[{"href":"https:\/\/alfinjel.com\/index.php\/wp-json\/wp\/v2\/product"}],"about":[{"href":"https:\/\/alfinjel.com\/index.php\/wp-json\/wp\/v2\/types\/product"}],"replies":[{"embeddable":true,"href":"https:\/\/alfinjel.com\/index.php\/wp-json\/wp\/v2\/comments?post=2663"}],"wp:featuredmedia":[{"embeddable":true,"href":"https:\/\/alfinjel.com\/index.php\/wp-json\/wp\/v2\/media\/4646"}],"wp:attachment":[{"href":"https:\/\/alfinjel.com\/index.php\/wp-json\/wp\/v2\/media?parent=2663"}],"wp:term":[{"taxonomy":"product_brand","embeddable":true,"href":"https:\/\/alfinjel.com\/index.php\/wp-json\/wp\/v2\/product_brand?post=2663"},{"taxonomy":"product_cat","embeddable":true,"href":"https:\/\/alfinjel.com\/index.php\/wp-json\/wp\/v2\/product_cat?post=2663"},{"taxonomy":"product_tag","embeddable":true,"href":"https:\/\/alfinjel.com\/index.php\/wp-json\/wp\/v2\/product_tag?post=2663"}],"curies":[{"name":"wp","href":"https:\/\/api.w.org\/{rel}","templated":true}]}}